{"id":1058,"date":"2023-09-08T10:51:24","date_gmt":"2023-09-08T08:51:24","guid":{"rendered":"https:\/\/prenotarifugi.cai.it\/?page_id=1058"},"modified":"2024-08-27T22:00:21","modified_gmt":"2024-08-27T20:00:21","slug":"anleitung","status":"publish","type":"page","link":"https:\/\/www.prenotarifugi.cai.it\/de\/anleitung\/","title":{"rendered":"Anleitung"},"content":{"rendered":"<div class=\"fusion-fullwidth fullwidth-box fusion-builder-row-1 fusion-flex-container has-pattern-background has-mask-background mt-5 nonhundred-percent-fullwidth non-hundred-percent-height-scrolling\" style=\"--awb-border-radius-top-left:0px;--awb-border-radius-top-right:0px;--awb-border-radius-bottom-right:0px;--awb-border-radius-bottom-left:0px;--awb-flex-wrap:wrap;\" ><div class=\"fusion-builder-row fusion-row fusion-flex-align-items-flex-start fusion-flex-content-wrap\" style=\"max-width:1372.8px;margin-left: calc(-4% \/ 2 );margin-right: calc(-4% \/ 2 );\"><div class=\"fusion-layout-column fusion_builder_column fusion-builder-column-0 fusion_builder_column_1_1 1_1 fusion-flex-column\" style=\"--awb-bg-size:cover;--awb-width-large:100%;--awb-margin-top-large:0px;--awb-spacing-right-large:1.92%;--awb-margin-bottom-large:20px;--awb-spacing-left-large:1.92%;--awb-width-medium:100%;--awb-order-medium:0;--awb-spacing-right-medium:1.92%;--awb-spacing-left-medium:1.92%;--awb-width-small:100%;--awb-order-small:0;--awb-spacing-right-small:1.92%;--awb-spacing-left-small:1.92%;\"><div class=\"fusion-column-wrapper fusion-column-has-shadow fusion-flex-justify-content-flex-start fusion-content-layout-column\"><div class=\"fusion-text fusion-text-1\"><div class=\"post-content title-1\">\n<h6>Der Vorgang der Suche, des Hinzuf\u00fcgens zum Warenkorb und der Bezahlung auf der Buchungsplattform kann in mehrere Schritte unterteilt werden. Wir listen sie unten auf:<\/h6>\n<\/div>\n<\/div><div class=\"carousel\">\n  <div style=\"position: relative; width: 140px;\">\n    <span style=\"position: absolute; top: 50%; left:50%; transform: translate(-50%, -50%);\">\n      <span id=\"carousel-how-to-display-index\">1 <\/span>\n      \/ 9\n    <\/span>\n    <div class=\"controls d-flex justify-content-between py-3\" id=\"carousel-how-to-controls\" aria-label=\"Karussell-Navigation\" tabindex=\"0\">\n      <button class=\"btn btn-4 prev\" style=\"border-radius: 6px;\" aria-label=\"Zur\u00fcck\">\n        <div class=\"pre-icon\"><i class=\"material-symbols-outlined\">chevron_left<\/i><\/div>\n        <div class=\"btn-text\"><\/div>\n      <\/button>\n      <button class=\"btn btn-4 next\" style=\"border-radius: 6px;\" aria-label=\"Weiter\">\n        <div class=\"pre-icon\"><i class=\"material-symbols-outlined\">chevron_right<\/i><\/div>\n        <div class=\"btn-text\"><\/div>\n      <\/button>\n    <\/div>\n  <\/div>\n  <div id=\"carousel-how-to\" data-carousel='{\"container\":\"#carousel-how-to\", \"displayIndex\": \"#carousel-how-to-display-index\",\"items\":1,\"controls\":true,\"center\":false,\"loop\": false,\"gutter\": 20,\"controlsContainer\":\"#carousel-how-to-controls\"}'>\n    <div>\n      <div class=\"title-2\">\n        <h2 class=\"main\">1) Finden Sie Ihre L\u00f6sung:<\/h2>\n        <ol>\n          <li>Gehen Sie zur Seite <a href=\"\/de\/suchen-und-buchen\/\">Suche und Buchung<\/a><\/li>\n          <li>Geben Sie die Daten und die Anzahl der G\u00e4ste im Formular ein, um die Verf\u00fcgbarkeit der H\u00fctten anzuzeigen<\/li>\n          <li>Klicken Sie auf die Schaltfl\u00e4che \"Buchen\" f\u00fcr die H\u00fctte, die Sie buchen m\u00f6chten. Denken Sie daran, dass Sie mehrere Buchungen in einem einzigen Kauf t\u00e4tigen k\u00f6nnen<\/li>\n        <\/ol>\n      <\/div>\n      <div class=\"image\">\n        <img decoding=\"async\" src=\"\/wp-content\/uploads\/2024\/05\/come_funziona_1.png\">\n      <\/div>\n    <\/div>\n    <div>\n      <div class=\"title-2\">\n        <h2 class=\"main\">2) W\u00e4hlen Sie die Daten aus:<\/h2>\n        <ol>\n          <li>W\u00e4hlen Sie die Daten aus<\/li>\n          <li>Klicken Sie auf die Schaltfl\u00e4che \"In den Warenkorb\"<\/li>\n        <\/ol>\n      <\/div>\n      <div class=\"image\">\n        <img decoding=\"async\" src=\"\/wp-content\/uploads\/2024\/05\/come_funziona_2.png\">\n      <\/div>\n    <\/div>\n    <div>\n      <div class=\"title-2\">\n        <h2 class=\"main\">3) \u00dcberpr\u00fcfen Sie die dem Warenkorb hinzugef\u00fcgten Buchungen:<\/h2>\n        <ol>\n          <li>Durch Klicken auf das Warenkorb-Symbol k\u00f6nnen Sie die Vorschau der dem Warenkorb hinzugef\u00fcgten Buchungen anzeigen<\/li>\n          <li>Dieses Symbol sowie das im Kopfmen\u00fc f\u00fchrt zum Warenkorb<\/li>\n        <\/ol>\n      <\/div>\n      <div class=\"image\">\n        <img decoding=\"async\" src=\"\/wp-content\/uploads\/2024\/05\/come_funziona_3.png\">\n      <\/div>\n    <\/div>\n    <div>\n      <div class=\"title-2\">\n        <h2 class=\"main\">4) Wenn Sie nur eine H\u00fctte buchen:<\/h2>\n        <p>Gehen Sie zur Detailseite der H\u00fctte, die Sie buchen m\u00f6chten, und scrollen Sie bis zum Ende der Seite, wo Sie den Kalender sehen<\/p>\n        <ol>\n          <li>W\u00e4hlen Sie die Anzahl der Personen<\/li>\n          <li>Klicken Sie auf \"Verf\u00fcgbarkeit pr\u00fcfen\"<\/li>\n          <li>W\u00e4hlen Sie das\/die Datum\/Daten aus<\/li>\n          <li>Eine Nachricht erscheint, die best\u00e4tigt, dass die Buchung dem Warenkorb hinzugef\u00fcgt wurde.<\/li>\n          <li>Klicken Sie auf den Warenkorb, um die Buchung abzuschlie\u00dfen<\/li>\n        <\/ol>\n      <\/div>\n      <div class=\"image\">\n        <img decoding=\"async\" src=\"\/wp-content\/uploads\/2024\/08\/prenota_detaglio.png\">\n      <\/div>\n    <\/div>\n    <div>\n      <div class=\"title-2\">\n        <h2 class=\"main\">5) Sehen Sie sich die Zusammenfassung an und geben Sie die Daten ein:<\/h2>\n        <ol>\n          <li>Sehen Sie sich die Zusammenfassung an<\/li>\n          <li>\u00dcberpr\u00fcfen Sie gegebenenfalls die Preisliste der H\u00fctte<\/li>\n          <li>Geben Sie die Daten des Ansprechpartners und gegebenenfalls der anderen Gruppenmitglieder ein<\/li>\n          <li>W\u00e4hlen Sie f\u00fcr jedes Gruppenmitglied die Art der Dienstleistung aus<\/li>\n        <\/ol>\n      <\/div>\n      <div class=\"image\">\n        <img decoding=\"async\" src=\"\/wp-content\/uploads\/2024\/05\/come_funziona_4.png\">\n      <\/div>\n    <\/div>\n    <div>\n      <div class=\"title-2\">\n        <h2 class=\"main\">6) Geben Sie Kontakt- und Zusatzinformationen ein:<\/h2>\n        <ol>\n          <li>Geben Sie die Kontaktinformationen ein<\/li>\n          <li>Geben Sie zus\u00e4tzliche Informationen ein, achten Sie besonders darauf, Informationen anzugeben, die f\u00fcr Ihre Sicherheit in den Bergen n\u00fctzlich sein k\u00f6nnten<\/li>\n          <li>Klicken Sie auf \"Zur Kasse gehen\"<\/li>\n        <\/ol>\n      <\/div>\n      <div class=\"image\">\n        <img decoding=\"async\" src=\"\/wp-content\/uploads\/2024\/05\/come_funziona_5.png\">\n      <\/div>\n    <\/div>\n    <div>\n      <div class=\"title-2\">\n        <h2 class=\"main\">7) Loggen Sie sich ein oder registrieren Sie sich:<\/h2>\n        <ol>\n          <li>Melden Sie sich in Ihrem Profil an<\/li>\n          <li>Wenn Sie noch kein Profil haben, erstellen Sie es in wenigen Klicks!<\/li>\n        <\/ol>\n      <\/div>\n      <div class=\"image\">\n        <img decoding=\"async\" src=\"\/wp-content\/uploads\/2024\/05\/come_funziona_6.png\">\n      <\/div>\n    <\/div>\n    <div>\n      <div class=\"title-2\">\n        <h2 class=\"main\">8) Zusammenfassung und Zahlung<\/h2>\n        <ol>\n          <li>Sehen Sie sich die Zusammenfassung an<\/li>\n          <li>F\u00fchren Sie die Zahlung durch<\/li>\n        <\/ol>\n      <\/div>\n      <div class=\"image\">\n        <img decoding=\"async\" src=\"\/wp-content\/uploads\/2024\/08\/jT7bD3WP3vG94EDW.png\">\n      <\/div>\n    <\/div>\n    <div>\n      <div class=\"title-2\">\n        <h2 class=\"main\">9) Abschluss der Buchung:<\/h2>\n        <ol>\n          <li>Eine E-Mail mit den Details Ihrer Buchung wurde Ihnen zugeschickt<\/li>\n        <\/ol>\n      <\/div>\n      <div class=\"image\">\n        <img decoding=\"async\" src=\"\/wp-content\/uploads\/2024\/05\/come_funziona_8.png\">\n      <\/div>\n    <\/div>\n  <\/div>\n<\/div>\n<\/div><\/div><\/div><\/div>\n","protected":false},"excerpt":{"rendered":"","protected":false},"author":1,"featured_media":1510,"parent":0,"menu_order":0,"comment_status":"closed","ping_status":"closed","template":"","meta":{"_acf_changed":false,"footnotes":""},"class_list":["post-1058","page","type-page","status-publish","has-post-thumbnail","hentry"],"acf":[],"yoast_head":"<!-- This site is optimized with the Yoast SEO plugin v25.2 - https:\/\/yoast.com\/wordpress\/plugins\/seo\/ -->\n<title>Anleitung | Prenota Rifugi<\/title>\n<meta name=\"robots\" content=\"index, follow, max-snippet:-1, max-image-preview:large, max-video-preview:-1\" \/>\n<link rel=\"canonical\" href=\"https:\/\/www.prenotarifugi.cai.it\/de\/anleitung\/\" \/>\n<meta property=\"og:locale\" content=\"de_DE\" \/>\n<meta property=\"og:type\" content=\"article\" \/>\n<meta property=\"og:title\" content=\"Anleitung | Prenota Rifugi\" \/>\n<meta property=\"og:url\" content=\"https:\/\/www.prenotarifugi.cai.it\/de\/anleitung\/\" \/>\n<meta property=\"og:site_name\" content=\"Prenota Rifugi\" \/>\n<meta property=\"article:publisher\" content=\"https:\/\/www.facebook.com\/clubalpinoitaliano\/\" \/>\n<meta property=\"article:modified_time\" content=\"2024-08-27T20:00:21+00:00\" \/>\n<meta property=\"og:image\" content=\"https:\/\/www.prenotarifugi.cai.it\/wp-content\/uploads\/2024\/02\/15-scaled.jpeg\" \/>\n\t<meta property=\"og:image:width\" content=\"2560\" \/>\n\t<meta property=\"og:image:height\" content=\"1319\" \/>\n\t<meta property=\"og:image:type\" content=\"image\/jpeg\" \/>\n<meta name=\"twitter:card\" content=\"summary_large_image\" \/>\n<meta name=\"twitter:site\" content=\"@CAI150\" \/>\n<meta name=\"twitter:label1\" content=\"Gesch\u00e4tzte Lesezeit\" \/>\n\t<meta name=\"twitter:data1\" content=\"4\u00a0Minuten\" \/>\n<script type=\"application\/ld+json\" class=\"yoast-schema-graph\">{\"@context\":\"https:\/\/schema.org\",\"@graph\":[{\"@type\":\"WebPage\",\"@id\":\"https:\/\/www.prenotarifugi.cai.it\/de\/anleitung\/\",\"url\":\"https:\/\/www.prenotarifugi.cai.it\/de\/anleitung\/\",\"name\":\"Anleitung | Prenota Rifugi\",\"isPartOf\":{\"@id\":\"https:\/\/www.prenotarifugi.cai.it\/de\/#website\"},\"primaryImageOfPage\":{\"@id\":\"https:\/\/www.prenotarifugi.cai.it\/de\/anleitung\/#primaryimage\"},\"image\":{\"@id\":\"https:\/\/www.prenotarifugi.cai.it\/de\/anleitung\/#primaryimage\"},\"thumbnailUrl\":\"https:\/\/www.prenotarifugi.cai.it\/wp-content\/uploads\/2024\/02\/15-scaled.jpeg\",\"datePublished\":\"2023-09-08T08:51:24+00:00\",\"dateModified\":\"2024-08-27T20:00:21+00:00\",\"breadcrumb\":{\"@id\":\"https:\/\/www.prenotarifugi.cai.it\/de\/anleitung\/#breadcrumb\"},\"inLanguage\":\"de\",\"potentialAction\":[{\"@type\":\"ReadAction\",\"target\":[\"https:\/\/www.prenotarifugi.cai.it\/de\/anleitung\/\"]}]},{\"@type\":\"ImageObject\",\"inLanguage\":\"de\",\"@id\":\"https:\/\/www.prenotarifugi.cai.it\/de\/anleitung\/#primaryimage\",\"url\":\"https:\/\/www.prenotarifugi.cai.it\/wp-content\/uploads\/2024\/02\/15-scaled.jpeg\",\"contentUrl\":\"https:\/\/www.prenotarifugi.cai.it\/wp-content\/uploads\/2024\/02\/15-scaled.jpeg\",\"width\":2560,\"height\":1319,\"caption\":\"Prenota i tuoi soggiorni in rifugio lungo i cammini e le alte vie: organizza le tue notti in montagna con pochi click\"},{\"@type\":\"BreadcrumbList\",\"@id\":\"https:\/\/www.prenotarifugi.cai.it\/de\/anleitung\/#breadcrumb\",\"itemListElement\":[{\"@type\":\"ListItem\",\"position\":1,\"name\":\"Home\",\"item\":\"https:\/\/www.prenotarifugi.cai.it\/de\/\"},{\"@type\":\"ListItem\",\"position\":2,\"name\":\"Anleitung\"}]},{\"@type\":\"WebSite\",\"@id\":\"https:\/\/www.prenotarifugi.cai.it\/de\/#website\",\"url\":\"https:\/\/www.prenotarifugi.cai.it\/de\/\",\"name\":\"Prenota Rifugi\",\"description\":\"\",\"publisher\":{\"@id\":\"https:\/\/www.prenotarifugi.cai.it\/de\/#organization\"},\"potentialAction\":[{\"@type\":\"SearchAction\",\"target\":{\"@type\":\"EntryPoint\",\"urlTemplate\":\"https:\/\/www.prenotarifugi.cai.it\/de\/?s={search_term_string}\"},\"query-input\":{\"@type\":\"PropertyValueSpecification\",\"valueRequired\":true,\"valueName\":\"search_term_string\"}}],\"inLanguage\":\"de\"},{\"@type\":\"Organization\",\"@id\":\"https:\/\/www.prenotarifugi.cai.it\/de\/#organization\",\"name\":\"Club Alpino Italiano\",\"alternateName\":\"CAI\",\"url\":\"https:\/\/www.prenotarifugi.cai.it\/de\/\",\"logo\":{\"@type\":\"ImageObject\",\"inLanguage\":\"de\",\"@id\":\"https:\/\/www.prenotarifugi.cai.it\/de\/#\/schema\/logo\/image\/\",\"url\":\"https:\/\/www.prenotarifugi.cai.it\/wp-content\/uploads\/2023\/09\/logo_cai-1.png\",\"contentUrl\":\"https:\/\/www.prenotarifugi.cai.it\/wp-content\/uploads\/2023\/09\/logo_cai-1.png\",\"width\":640,\"height\":518,\"caption\":\"Club Alpino Italiano\"},\"image\":{\"@id\":\"https:\/\/www.prenotarifugi.cai.it\/de\/#\/schema\/logo\/image\/\"},\"sameAs\":[\"https:\/\/www.facebook.com\/clubalpinoitaliano\/\",\"https:\/\/x.com\/CAI150\"]}]}<\/script>\n<!-- \/ Yoast SEO plugin. -->","yoast_head_json":{"title":"Anleitung | Prenota Rifugi","robots":{"index":"index","follow":"follow","max-snippet":"max-snippet:-1","max-image-preview":"max-image-preview:large","max-video-preview":"max-video-preview:-1"},"canonical":"https:\/\/www.prenotarifugi.cai.it\/de\/anleitung\/","og_locale":"de_DE","og_type":"article","og_title":"Anleitung | Prenota Rifugi","og_url":"https:\/\/www.prenotarifugi.cai.it\/de\/anleitung\/","og_site_name":"Prenota Rifugi","article_publisher":"https:\/\/www.facebook.com\/clubalpinoitaliano\/","article_modified_time":"2024-08-27T20:00:21+00:00","og_image":[{"width":2560,"height":1319,"url":"https:\/\/www.prenotarifugi.cai.it\/wp-content\/uploads\/2024\/02\/15-scaled.jpeg","type":"image\/jpeg"}],"twitter_card":"summary_large_image","twitter_site":"@CAI150","twitter_misc":{"Gesch\u00e4tzte Lesezeit":"4\u00a0Minuten"},"schema":{"@context":"https:\/\/schema.org","@graph":[{"@type":"WebPage","@id":"https:\/\/www.prenotarifugi.cai.it\/de\/anleitung\/","url":"https:\/\/www.prenotarifugi.cai.it\/de\/anleitung\/","name":"Anleitung | Prenota Rifugi","isPartOf":{"@id":"https:\/\/www.prenotarifugi.cai.it\/de\/#website"},"primaryImageOfPage":{"@id":"https:\/\/www.prenotarifugi.cai.it\/de\/anleitung\/#primaryimage"},"image":{"@id":"https:\/\/www.prenotarifugi.cai.it\/de\/anleitung\/#primaryimage"},"thumbnailUrl":"https:\/\/www.prenotarifugi.cai.it\/wp-content\/uploads\/2024\/02\/15-scaled.jpeg","datePublished":"2023-09-08T08:51:24+00:00","dateModified":"2024-08-27T20:00:21+00:00","breadcrumb":{"@id":"https:\/\/www.prenotarifugi.cai.it\/de\/anleitung\/#breadcrumb"},"inLanguage":"de","potentialAction":[{"@type":"ReadAction","target":["https:\/\/www.prenotarifugi.cai.it\/de\/anleitung\/"]}]},{"@type":"ImageObject","inLanguage":"de","@id":"https:\/\/www.prenotarifugi.cai.it\/de\/anleitung\/#primaryimage","url":"https:\/\/www.prenotarifugi.cai.it\/wp-content\/uploads\/2024\/02\/15-scaled.jpeg","contentUrl":"https:\/\/www.prenotarifugi.cai.it\/wp-content\/uploads\/2024\/02\/15-scaled.jpeg","width":2560,"height":1319,"caption":"Prenota i tuoi soggiorni in rifugio lungo i cammini e le alte vie: organizza le tue notti in montagna con pochi click"},{"@type":"BreadcrumbList","@id":"https:\/\/www.prenotarifugi.cai.it\/de\/anleitung\/#breadcrumb","itemListElement":[{"@type":"ListItem","position":1,"name":"Home","item":"https:\/\/www.prenotarifugi.cai.it\/de\/"},{"@type":"ListItem","position":2,"name":"Anleitung"}]},{"@type":"WebSite","@id":"https:\/\/www.prenotarifugi.cai.it\/de\/#website","url":"https:\/\/www.prenotarifugi.cai.it\/de\/","name":"Prenota Rifugi","description":"","publisher":{"@id":"https:\/\/www.prenotarifugi.cai.it\/de\/#organization"},"potentialAction":[{"@type":"SearchAction","target":{"@type":"EntryPoint","urlTemplate":"https:\/\/www.prenotarifugi.cai.it\/de\/?s={search_term_string}"},"query-input":{"@type":"PropertyValueSpecification","valueRequired":true,"valueName":"search_term_string"}}],"inLanguage":"de"},{"@type":"Organization","@id":"https:\/\/www.prenotarifugi.cai.it\/de\/#organization","name":"Club Alpino Italiano","alternateName":"CAI","url":"https:\/\/www.prenotarifugi.cai.it\/de\/","logo":{"@type":"ImageObject","inLanguage":"de","@id":"https:\/\/www.prenotarifugi.cai.it\/de\/#\/schema\/logo\/image\/","url":"https:\/\/www.prenotarifugi.cai.it\/wp-content\/uploads\/2023\/09\/logo_cai-1.png","contentUrl":"https:\/\/www.prenotarifugi.cai.it\/wp-content\/uploads\/2023\/09\/logo_cai-1.png","width":640,"height":518,"caption":"Club Alpino Italiano"},"image":{"@id":"https:\/\/www.prenotarifugi.cai.it\/de\/#\/schema\/logo\/image\/"},"sameAs":["https:\/\/www.facebook.com\/clubalpinoitaliano\/","https:\/\/x.com\/CAI150"]}]}},"_links":{"self":[{"href":"https:\/\/www.prenotarifugi.cai.it\/de\/wp-json\/wp\/v2\/pages\/1058","targetHints":{"allow":["GET"]}}],"collection":[{"href":"https:\/\/www.prenotarifugi.cai.it\/de\/wp-json\/wp\/v2\/pages"}],"about":[{"href":"https:\/\/www.prenotarifugi.cai.it\/de\/wp-json\/wp\/v2\/types\/page"}],"author":[{"embeddable":true,"href":"https:\/\/www.prenotarifugi.cai.it\/de\/wp-json\/wp\/v2\/users\/1"}],"replies":[{"embeddable":true,"href":"https:\/\/www.prenotarifugi.cai.it\/de\/wp-json\/wp\/v2\/comments?post=1058"}],"version-history":[{"count":30,"href":"https:\/\/www.prenotarifugi.cai.it\/de\/wp-json\/wp\/v2\/pages\/1058\/revisions"}],"predecessor-version":[{"id":4470,"href":"https:\/\/www.prenotarifugi.cai.it\/de\/wp-json\/wp\/v2\/pages\/1058\/revisions\/4470"}],"wp:featuredmedia":[{"embeddable":true,"href":"https:\/\/www.prenotarifugi.cai.it\/de\/wp-json\/wp\/v2\/media\/1510"}],"wp:attachment":[{"href":"https:\/\/www.prenotarifugi.cai.it\/de\/wp-json\/wp\/v2\/media?parent=1058"}],"curies":[{"name":"wp","href":"https:\/\/api.w.org\/{rel}","templated":true}]}}