{"id":1060,"date":"2023-09-08T10:51:48","date_gmt":"2023-09-08T08:51:48","guid":{"rendered":"https:\/\/prenotarifugi.cai.it\/?page_id=1060"},"modified":"2024-05-27T16:37:19","modified_gmt":"2024-05-27T14:37:19","slug":"wanderungen-und-wanderwege","status":"publish","type":"page","link":"https:\/\/www.prenotarifugi.cai.it\/de\/wanderungen-und-wanderwege\/","title":{"rendered":"Wanderungen und Wanderwege"},"content":{"rendered":"<div class=\"fusion-fullwidth fullwidth-box fusion-builder-row-1 fusion-flex-container nonhundred-percent-fullwidth non-hundred-percent-height-scrolling\" style=\"--awb-border-radius-top-left:0px;--awb-border-radius-top-right:0px;--awb-border-radius-bottom-right:0px;--awb-border-radius-bottom-left:0px;--awb-flex-wrap:wrap;\" ><div class=\"fusion-builder-row fusion-row fusion-flex-align-items-flex-start fusion-flex-content-wrap\" style=\"max-width:1372.8px;margin-left: calc(-4% \/ 2 );margin-right: calc(-4% \/ 2 );\"><div class=\"fusion-layout-column fusion_builder_column fusion-builder-column-0 fusion_builder_column_1_1 1_1 fusion-flex-column\" style=\"--awb-bg-size:cover;--awb-width-large:100%;--awb-margin-top-large:0px;--awb-spacing-right-large:1.92%;--awb-margin-bottom-large:20px;--awb-spacing-left-large:1.92%;--awb-width-medium:100%;--awb-order-medium:0;--awb-spacing-right-medium:1.92%;--awb-spacing-left-medium:1.92%;--awb-width-small:100%;--awb-order-small:0;--awb-spacing-right-small:1.92%;--awb-spacing-left-small:1.92%;\"><div class=\"fusion-column-wrapper fusion-column-has-shadow fusion-flex-justify-content-flex-start fusion-content-layout-column\"><div class=\"fusion-text fusion-text-1\"><div class=\"title-2\">\n<h2 class=\"main\">H\u00fctten entlang von Wegen und Etappenrouten finden<\/h2>\n<p class=\"mb-4\">Hochrouten, Traversen, Tourenrouten, Schleifen, Pfade, kennzeichnen Wanderrouten, die in mehreren Tagen in mehreren Etappen bew\u00e4ltigt werden k\u00f6nnen und zu Schutzh\u00fctten f\u00fchren. Diese Routen k\u00f6nnen naturalistische, historische, kulturelle und geografische Werte haben. In diesem Abschnitt finden Sie Wanderrouten mit mindestens drei H\u00fctten.<\/p>\n<\/div>\n<\/div>\n<style>\n.card-itinerary {\n  height: 360px;\n  border-radius: 10px;\n  overflow: hidden;\n  cursor: pointer;\n  position: relative;\n  color: rgb(240, 240, 240);\n  box-shadow: 0 3px 10px 5px rgba(0, 0, 0, 0.2);\n\n  img {\n    position: absolute;\n    object-fit: cover;\n    width: 100%;\n    height: 100%;\n    top: 0;\n    left: 0;\n    opacity: 0.9;\n    transition: opacity .2s ease-out;\n  }\n\n  .card-itinerary-title {\n    margin: 0;\n    font-weight: normal;\n    color: #fff;\n    line-height: 30px !important;\n    font-size: 24px !important;\n  }\n\n  .card-itinerary-content {\n    height: 36%;\n    width: 100%;\n    transition: inset .3s .3s ease-out;\n    position: absolute;\n    inset: auto auto 0 0;\n    padding-left: 30px;\n    background: linear-gradient(transparent 0, rgba(0, 0, 0, 0.95) 80%, rgba(0, 0, 0, 0.95) 95%);\n  }\n\n  .card-itinerary-badge {\n    background-color: #3a679b78;\n    color: #fff;\n    position: absolute;\n    right: 10px;\n    top: 10px;\n    padding: 12px 24px;\n    border-radius: 10px;\n    font-size: 0.7rem;\n    letter-spacing: 2px;\n    cursor: pointer;\n    border: 1px solid;\n    transition: all .3s ease;\n    font-weight: bold;\n    max-width: 80%;\n    z-index: 2;\n  }\n\n  .card-itinerary-link {\n    position: absolute;\n    opacity: 0;\n    max-width: 80%;\n    transition: opacity .2s ease-out;\n    color: inherit;\n    text-decoration: none;\n  }\n\n  &:hover h2 {\n    inset: auto auto 220px 30px;\n    transition: inset .3s ease-out;\n  }\n\n  &:hover .card-itinerary-link {\n    opacity: 1;\n    transition: opacity .5s .1s ease-in;\n  }\n\n  &:hover img {\n    transition: opacity .3s ease-in;\n    opacity: 1;\n  }\n\n}\n\n.material-symbols-outlined {\n  vertical-align: middle;\n}\n<\/style>\n\n<form id=\"results-form\" data-toggle-infinite-scroll-params=\"{&quot;infiniteScroll&quot;:&quot;#infinite-scroll-search-page&quot;}\">\n  <div class=\"form-box form-box-1 mb-5\">\n    <div class=\"row\">\n      <div class=\"col-12 col-md-6\">\n        <div class=\"input-group\">\n          <span class=\"input-group-text\"><i class=\"material-icons-outlined\">search<\/i><\/span>\n          <input class=\"form-control\" placeholder=\"Geben Sie hier den zu suchenden Text ein\" name=\"query\" value=\"\">\n        <\/div>\n      <\/div>\n      <div class=\"col-12 col-md-6\">\n        <div class=\"input-group\"><span class=\"input-group-text\"><i class=\"material-icons-outlined\">landscape<\/i><\/span>\n          <input class=\"form-control\" type=\"number\" min=\"0\" placeholder=\"Anzahl der Etappen\" name=\"stages\">\n        <\/div>\n      <\/div>\n    <\/div>\n    <div class=\"row\">\n      <div class=\"col-12 col-md-6\">\n        <div class=\"input-group\">\n          <span class=\"input-group-text\"><i class=\"material-icons-outlined\">place<\/i><\/span>\n          <select class=\"form-select\" name=\"regions\"><option selected=\"\" value=\"\">Region<\/option><\/select>        <\/div>\n      <\/div>\n      <div class=\"col-12 col-md-6\">\n        <div class=\"input-group\"><span class=\"input-group-text\"><i class=\"material-icons-outlined\">signpost<\/i><\/span>\n          <select class=\"form-select\" name=\"difficulty\"><option selected=\"\" value=\"\">Schwierigkeiten<\/option><option value=\"253\">Erfahrene Wanderer<\/option><option value=\"250\">Erfahrene Wanderer mit Ausr\u00fcstung<\/option><option value=\"259\">Tourist<\/option><option value=\"256\">Wandern<\/option><\/select>        <\/div>\n      <\/div>\n    <\/div>\n  <\/div>\n  <div class=\"row\">\n    <div class=\"col-12 col-md-2 d-flex justify-content-end\">\n      <button class=\"btn btn-5\" type=\"submit\" onclick=\"document.querySelector('#total-container').scrollIntoView()\">\n        <div class=\"btn-text\">Suche<\/div>\n      <\/button>\n    <\/div>\n    <div class=\"col-12 col-md-2 d-flex justify-content-end ms-auto\">\n      <button class=\"btn btn-6\" data-reset-search=\"results-form\">\n        <div class=\"pre-icon\"><i class=\"material-icons\">close<\/i><\/div>\n        <div class=\"btn-text\">Reset<\/div>\n      <\/button>\n    <\/div>\n  <\/div>\n<\/form>\n\n<div class=\"infinite-scroll\" id=\"infinite-scroll-search-page\" data-infinite-scroll='{\"url\":\"\/wp-json\/itinerary-api\/v1\/posts\/itinerario\",\n\t    \"type\":\"get\",\"params\":{\"lang\":\"de\", \"viewall\":1},\n\t    \"container\":\"#search-page-container\",\"template\":\"#search-page-template\"}'>\n  <div class=\"loading loading-1\">\n    <div><\/div>\n    <div><\/div>\n    <div><\/div>\n  <\/div>\n<\/div>\n<div class=\"pbp-60 mt-5\" id=\"search-page-container\"><\/div>\n<script id=\"search-page-template\" type=\"text\/x-handlebars-template\">{{#if results.length}}\n    <div class=\"row\">{{#each results}}\n        {{#if (isCol4 @index)}}\n        <div class=\"col-12 col-sm-6 col-md-4 mb-4\">\n        {{else}}\n        <div class=\"col-12 col-sm-6 col-md-6 mb-4\">\n        {{\/if}}\n        <a href=\"{{url}}\" >\n        \t<div class=\"card-itinerary\">\n                {{#if difficulty}}<span class=\"card-itinerary-badge\">{{difficulty}}<\/span>{{\/if}}\n            {{#if img.file}}\n                <img decoding=\"async\" src=\"{{img.file}}\" alt=\"{{img.alt}}\">\n            {{else}}\n                <img decoding=\"async\" src=\"https:\/\/www.prenotarifugi.cai.it\/wp-content\/themes\/Avada-Child-Theme\/assets\/images\/no-img.jpg\" alt=\"no-img\">\n            {{\/if}}\n\t            <div class=\"card-itinerary-content\">\n\t\t\t      <a href=\"{{url}}\" class=\"card-itinerary-link button pt-3\">\n\t\t\t        Finde mehr heraus\n\t\t\t        <span class=\"material-symbols-outlined\">\n\t\t\t          arrow_right_alt\n\t\t\t        <\/span>\n\t\t\t      <\/a>\n\t\t\t      <h3 class=\"card-itinerary-title pt-5\">\n\t\t\t        {{title}}\n\t\t\t      <\/h3>\n\t\t\t    <\/div>\n\t        <\/div>\n\t        <\/a>\n        <\/div>\n    {{\/each}}\n    <\/div>{{#pagination this}}\n    {{set '#infinite-scroll-search-page' 'infiniteScroll' this false}}\n    <div class=\"row mt-5\">\n        <div class=\"col-12\">{{#if (gt total 1)}}\n            <ul class=\"pagination pagination-1\">{{#if first}}\n                <li>\n                    <button class=\"btn\" data-toggle=\"infinite-scroll\" data-target=\"{{infiniteScroll}}\" data-prevent-hide=\"true\" data-page=\"1\">\n                        <div class=\"btn-text\">1<\/div>\n                    <\/button>\n                <\/li>\n                <li class=\"disabled divider\"><span>...<\/span><\/li>{{\/if}}\n                {{#each pages}}\n                <li class=\"{{#if (eq this ..\/current)}}active{{\/if}}\">\n                    <button class=\"btn {{#if (eq this ..\/current)}}disabled{{\/if}}\" data-toggle=\"infinite-scroll\" data-target=\"{{..\/infiniteScroll}}\" data-prevent-hide=\"true\" data-page=\"{{this}}\">\n                        <div class=\"btn-text\">{{this}}<\/div>\n                    <\/button>\n                <\/li>{{\/each}}\n                {{#if last}}\n                <li class=\"disabled divider\"><span>...<\/span><\/li>\n                <li>\n                    <button class=\"btn\" data-toggle=\"infinite-scroll\" data-target=\"{{infiniteScroll}}\" data-prevent-hide=\"true\" data-page=\"{{total}}\">\n                        <div class=\"btn-text\">{{total}}<\/div>\n                    <\/button>\n                <\/li>{{\/if}}\n            <\/ul>{{\/if}}\n        <\/div>\n    <\/div>{{\/pagination}}\n    {{else}}\n    <div class=\"text-poppins fw-bold\">Keine Ergebnisse gefunden<\/div>{{\/if}}\n    <\/script>\n\n<\/div><\/div><\/div><\/div>\n","protected":false},"excerpt":{"rendered":"","protected":false},"author":1,"featured_media":998,"parent":0,"menu_order":0,"comment_status":"closed","ping_status":"closed","template":"","meta":{"_acf_changed":false,"footnotes":""},"class_list":["post-1060","page","type-page","status-publish","has-post-thumbnail","hentry"],"acf":[],"yoast_head":"<!-- This site is optimized with the Yoast SEO plugin v25.2 - https:\/\/yoast.com\/wordpress\/plugins\/seo\/ -->\n<title>Wanderungen und Wanderwege | Prenota Rifugi<\/title>\n<meta name=\"robots\" content=\"index, follow, max-snippet:-1, max-image-preview:large, max-video-preview:-1\" \/>\n<link rel=\"canonical\" href=\"https:\/\/www.prenotarifugi.cai.it\/de\/wanderungen-und-wanderwege\/\" \/>\n<meta property=\"og:locale\" content=\"de_DE\" \/>\n<meta property=\"og:type\" content=\"article\" \/>\n<meta property=\"og:title\" content=\"Wanderungen und Wanderwege | Prenota Rifugi\" \/>\n<meta property=\"og:url\" content=\"https:\/\/www.prenotarifugi.cai.it\/de\/wanderungen-und-wanderwege\/\" \/>\n<meta property=\"og:site_name\" content=\"Prenota Rifugi\" \/>\n<meta property=\"article:publisher\" content=\"https:\/\/www.facebook.com\/clubalpinoitaliano\/\" \/>\n<meta property=\"article:modified_time\" content=\"2024-05-27T14:37:19+00:00\" \/>\n<meta property=\"og:image\" content=\"https:\/\/www.prenotarifugi.cai.it\/wp-content\/uploads\/2023\/12\/dolomites-2580866_1920.jpg\" \/>\n\t<meta property=\"og:image:width\" content=\"1920\" \/>\n\t<meta property=\"og:image:height\" content=\"1197\" \/>\n\t<meta property=\"og:image:type\" content=\"image\/jpeg\" \/>\n<meta name=\"twitter:card\" content=\"summary_large_image\" \/>\n<meta name=\"twitter:site\" content=\"@CAI150\" \/>\n<meta name=\"twitter:label1\" content=\"Gesch\u00e4tzte Lesezeit\" \/>\n\t<meta name=\"twitter:data1\" content=\"1\u00a0Minute\" \/>\n<script type=\"application\/ld+json\" class=\"yoast-schema-graph\">{\"@context\":\"https:\/\/schema.org\",\"@graph\":[{\"@type\":\"WebPage\",\"@id\":\"https:\/\/www.prenotarifugi.cai.it\/de\/wanderungen-und-wanderwege\/\",\"url\":\"https:\/\/www.prenotarifugi.cai.it\/de\/wanderungen-und-wanderwege\/\",\"name\":\"Wanderungen und Wanderwege | Prenota Rifugi\",\"isPartOf\":{\"@id\":\"https:\/\/www.prenotarifugi.cai.it\/de\/#website\"},\"primaryImageOfPage\":{\"@id\":\"https:\/\/www.prenotarifugi.cai.it\/de\/wanderungen-und-wanderwege\/#primaryimage\"},\"image\":{\"@id\":\"https:\/\/www.prenotarifugi.cai.it\/de\/wanderungen-und-wanderwege\/#primaryimage\"},\"thumbnailUrl\":\"https:\/\/www.prenotarifugi.cai.it\/wp-content\/uploads\/2023\/12\/dolomites-2580866_1920.jpg\",\"datePublished\":\"2023-09-08T08:51:48+00:00\",\"dateModified\":\"2024-05-27T14:37:19+00:00\",\"breadcrumb\":{\"@id\":\"https:\/\/www.prenotarifugi.cai.it\/de\/wanderungen-und-wanderwege\/#breadcrumb\"},\"inLanguage\":\"de\",\"potentialAction\":[{\"@type\":\"ReadAction\",\"target\":[\"https:\/\/www.prenotarifugi.cai.it\/de\/wanderungen-und-wanderwege\/\"]}]},{\"@type\":\"ImageObject\",\"inLanguage\":\"de\",\"@id\":\"https:\/\/www.prenotarifugi.cai.it\/de\/wanderungen-und-wanderwege\/#primaryimage\",\"url\":\"https:\/\/www.prenotarifugi.cai.it\/wp-content\/uploads\/2023\/12\/dolomites-2580866_1920.jpg\",\"contentUrl\":\"https:\/\/www.prenotarifugi.cai.it\/wp-content\/uploads\/2023\/12\/dolomites-2580866_1920.jpg\",\"width\":1920,\"height\":1197,\"caption\":\"Scopri i percorsi escursionistici dove organizzare il tuo trekking con pernottamento\"},{\"@type\":\"BreadcrumbList\",\"@id\":\"https:\/\/www.prenotarifugi.cai.it\/de\/wanderungen-und-wanderwege\/#breadcrumb\",\"itemListElement\":[{\"@type\":\"ListItem\",\"position\":1,\"name\":\"Home\",\"item\":\"https:\/\/www.prenotarifugi.cai.it\/de\/\"},{\"@type\":\"ListItem\",\"position\":2,\"name\":\"Wanderungen und Wanderwege\"}]},{\"@type\":\"WebSite\",\"@id\":\"https:\/\/www.prenotarifugi.cai.it\/de\/#website\",\"url\":\"https:\/\/www.prenotarifugi.cai.it\/de\/\",\"name\":\"Prenota Rifugi\",\"description\":\"\",\"publisher\":{\"@id\":\"https:\/\/www.prenotarifugi.cai.it\/de\/#organization\"},\"potentialAction\":[{\"@type\":\"SearchAction\",\"target\":{\"@type\":\"EntryPoint\",\"urlTemplate\":\"https:\/\/www.prenotarifugi.cai.it\/de\/?s={search_term_string}\"},\"query-input\":{\"@type\":\"PropertyValueSpecification\",\"valueRequired\":true,\"valueName\":\"search_term_string\"}}],\"inLanguage\":\"de\"},{\"@type\":\"Organization\",\"@id\":\"https:\/\/www.prenotarifugi.cai.it\/de\/#organization\",\"name\":\"Club Alpino Italiano\",\"alternateName\":\"CAI\",\"url\":\"https:\/\/www.prenotarifugi.cai.it\/de\/\",\"logo\":{\"@type\":\"ImageObject\",\"inLanguage\":\"de\",\"@id\":\"https:\/\/www.prenotarifugi.cai.it\/de\/#\/schema\/logo\/image\/\",\"url\":\"https:\/\/www.prenotarifugi.cai.it\/wp-content\/uploads\/2023\/09\/logo_cai-1.png\",\"contentUrl\":\"https:\/\/www.prenotarifugi.cai.it\/wp-content\/uploads\/2023\/09\/logo_cai-1.png\",\"width\":640,\"height\":518,\"caption\":\"Club Alpino Italiano\"},\"image\":{\"@id\":\"https:\/\/www.prenotarifugi.cai.it\/de\/#\/schema\/logo\/image\/\"},\"sameAs\":[\"https:\/\/www.facebook.com\/clubalpinoitaliano\/\",\"https:\/\/x.com\/CAI150\"]}]}<\/script>\n<!-- \/ Yoast SEO plugin. -->","yoast_head_json":{"title":"Wanderungen und Wanderwege | Prenota Rifugi","robots":{"index":"index","follow":"follow","max-snippet":"max-snippet:-1","max-image-preview":"max-image-preview:large","max-video-preview":"max-video-preview:-1"},"canonical":"https:\/\/www.prenotarifugi.cai.it\/de\/wanderungen-und-wanderwege\/","og_locale":"de_DE","og_type":"article","og_title":"Wanderungen und Wanderwege | Prenota Rifugi","og_url":"https:\/\/www.prenotarifugi.cai.it\/de\/wanderungen-und-wanderwege\/","og_site_name":"Prenota Rifugi","article_publisher":"https:\/\/www.facebook.com\/clubalpinoitaliano\/","article_modified_time":"2024-05-27T14:37:19+00:00","og_image":[{"width":1920,"height":1197,"url":"https:\/\/www.prenotarifugi.cai.it\/wp-content\/uploads\/2023\/12\/dolomites-2580866_1920.jpg","type":"image\/jpeg"}],"twitter_card":"summary_large_image","twitter_site":"@CAI150","twitter_misc":{"Gesch\u00e4tzte Lesezeit":"1\u00a0Minute"},"schema":{"@context":"https:\/\/schema.org","@graph":[{"@type":"WebPage","@id":"https:\/\/www.prenotarifugi.cai.it\/de\/wanderungen-und-wanderwege\/","url":"https:\/\/www.prenotarifugi.cai.it\/de\/wanderungen-und-wanderwege\/","name":"Wanderungen und Wanderwege | Prenota Rifugi","isPartOf":{"@id":"https:\/\/www.prenotarifugi.cai.it\/de\/#website"},"primaryImageOfPage":{"@id":"https:\/\/www.prenotarifugi.cai.it\/de\/wanderungen-und-wanderwege\/#primaryimage"},"image":{"@id":"https:\/\/www.prenotarifugi.cai.it\/de\/wanderungen-und-wanderwege\/#primaryimage"},"thumbnailUrl":"https:\/\/www.prenotarifugi.cai.it\/wp-content\/uploads\/2023\/12\/dolomites-2580866_1920.jpg","datePublished":"2023-09-08T08:51:48+00:00","dateModified":"2024-05-27T14:37:19+00:00","breadcrumb":{"@id":"https:\/\/www.prenotarifugi.cai.it\/de\/wanderungen-und-wanderwege\/#breadcrumb"},"inLanguage":"de","potentialAction":[{"@type":"ReadAction","target":["https:\/\/www.prenotarifugi.cai.it\/de\/wanderungen-und-wanderwege\/"]}]},{"@type":"ImageObject","inLanguage":"de","@id":"https:\/\/www.prenotarifugi.cai.it\/de\/wanderungen-und-wanderwege\/#primaryimage","url":"https:\/\/www.prenotarifugi.cai.it\/wp-content\/uploads\/2023\/12\/dolomites-2580866_1920.jpg","contentUrl":"https:\/\/www.prenotarifugi.cai.it\/wp-content\/uploads\/2023\/12\/dolomites-2580866_1920.jpg","width":1920,"height":1197,"caption":"Scopri i percorsi escursionistici dove organizzare il tuo trekking con pernottamento"},{"@type":"BreadcrumbList","@id":"https:\/\/www.prenotarifugi.cai.it\/de\/wanderungen-und-wanderwege\/#breadcrumb","itemListElement":[{"@type":"ListItem","position":1,"name":"Home","item":"https:\/\/www.prenotarifugi.cai.it\/de\/"},{"@type":"ListItem","position":2,"name":"Wanderungen und Wanderwege"}]},{"@type":"WebSite","@id":"https:\/\/www.prenotarifugi.cai.it\/de\/#website","url":"https:\/\/www.prenotarifugi.cai.it\/de\/","name":"Prenota Rifugi","description":"","publisher":{"@id":"https:\/\/www.prenotarifugi.cai.it\/de\/#organization"},"potentialAction":[{"@type":"SearchAction","target":{"@type":"EntryPoint","urlTemplate":"https:\/\/www.prenotarifugi.cai.it\/de\/?s={search_term_string}"},"query-input":{"@type":"PropertyValueSpecification","valueRequired":true,"valueName":"search_term_string"}}],"inLanguage":"de"},{"@type":"Organization","@id":"https:\/\/www.prenotarifugi.cai.it\/de\/#organization","name":"Club Alpino Italiano","alternateName":"CAI","url":"https:\/\/www.prenotarifugi.cai.it\/de\/","logo":{"@type":"ImageObject","inLanguage":"de","@id":"https:\/\/www.prenotarifugi.cai.it\/de\/#\/schema\/logo\/image\/","url":"https:\/\/www.prenotarifugi.cai.it\/wp-content\/uploads\/2023\/09\/logo_cai-1.png","contentUrl":"https:\/\/www.prenotarifugi.cai.it\/wp-content\/uploads\/2023\/09\/logo_cai-1.png","width":640,"height":518,"caption":"Club Alpino Italiano"},"image":{"@id":"https:\/\/www.prenotarifugi.cai.it\/de\/#\/schema\/logo\/image\/"},"sameAs":["https:\/\/www.facebook.com\/clubalpinoitaliano\/","https:\/\/x.com\/CAI150"]}]}},"_links":{"self":[{"href":"https:\/\/www.prenotarifugi.cai.it\/de\/wp-json\/wp\/v2\/pages\/1060","targetHints":{"allow":["GET"]}}],"collection":[{"href":"https:\/\/www.prenotarifugi.cai.it\/de\/wp-json\/wp\/v2\/pages"}],"about":[{"href":"https:\/\/www.prenotarifugi.cai.it\/de\/wp-json\/wp\/v2\/types\/page"}],"author":[{"embeddable":true,"href":"https:\/\/www.prenotarifugi.cai.it\/de\/wp-json\/wp\/v2\/users\/1"}],"replies":[{"embeddable":true,"href":"https:\/\/www.prenotarifugi.cai.it\/de\/wp-json\/wp\/v2\/comments?post=1060"}],"version-history":[{"count":21,"href":"https:\/\/www.prenotarifugi.cai.it\/de\/wp-json\/wp\/v2\/pages\/1060\/revisions"}],"predecessor-version":[{"id":3974,"href":"https:\/\/www.prenotarifugi.cai.it\/de\/wp-json\/wp\/v2\/pages\/1060\/revisions\/3974"}],"wp:featuredmedia":[{"embeddable":true,"href":"https:\/\/www.prenotarifugi.cai.it\/de\/wp-json\/wp\/v2\/media\/998"}],"wp:attachment":[{"href":"https:\/\/www.prenotarifugi.cai.it\/de\/wp-json\/wp\/v2\/media?parent=1060"}],"curies":[{"name":"wp","href":"https:\/\/api.w.org\/{rel}","templated":true}]}}